{"id":1239,"date":"2025-07-01T13:38:53","date_gmt":"2025-07-01T13:38:53","guid":{"rendered":"https:\/\/dicasibrands.com\/?page_id=1239"},"modified":"2025-07-01T13:43:17","modified_gmt":"2025-07-01T13:43:17","slug":"accessilibity-statement","status":"publish","type":"page","link":"https:\/\/dicasibrands.com\/pt\/accessilibity-statement\/","title":{"rendered":"Declara\u00e7\u00e3o de Acessibilidade"},"content":{"rendered":"<div data-elementor-type=\"wp-page\" data-elementor-id=\"1239\" class=\"elementor elementor-1239\" data-elementor-post-type=\"page\">\n\t\t\t\t\t\t<section class=\"elementor-section elementor-top-section elementor-element elementor-element-506da95 elementor-section-boxed elementor-section-height-default elementor-section-height-default\" data-id=\"506da95\" data-element_type=\"section\" data-e-type=\"section\">\n\t\t\t\t\t\t<div class=\"elementor-container elementor-column-gap-default\">\n\t\t\t\t\t<div class=\"elementor-column elementor-col-100 elementor-top-column elementor-element elementor-element-da738db\" data-id=\"da738db\" data-element_type=\"column\" data-e-type=\"column\">\n\t\t\t<div class=\"elementor-widget-wrap\">\n\t\t\t\t\t\t\t<\/div>\n\t\t<\/div>\n\t\t\t\t\t<\/div>\n\t\t<\/section>\n\t\t\t\t<section class=\"elementor-section elementor-top-section elementor-element elementor-element-189aaae elementor-section-boxed elementor-section-height-default elementor-section-height-default\" data-id=\"189aaae\" data-element_type=\"section\" data-e-type=\"section\">\n\t\t\t\t\t\t<div class=\"elementor-container elementor-column-gap-default\">\n\t\t\t\t\t<div class=\"elementor-column elementor-col-100 elementor-top-column elementor-element elementor-element-0e4fd2a\" data-id=\"0e4fd2a\" data-element_type=\"column\" data-e-type=\"column\">\n\t\t\t<div class=\"elementor-widget-wrap elementor-element-populated\">\n\t\t\t\t\t\t<div class=\"elementor-element elementor-element-c7f071a elementor-widget elementor-widget-heading\" data-id=\"c7f071a\" data-element_type=\"widget\" data-e-type=\"widget\" data-widget_type=\"heading.default\">\n\t\t\t\t<div class=\"elementor-widget-container\">\n\t\t\t\t\t<h1 class=\"elementor-heading-title elementor-size-large\"><a href=\"https:\/\/dicasibrands.com\/pt\/terms-of-service\/\">ACCESSIBIlITY STATEMENT<\/a><\/h1>\t\t\t\t<\/div>\n\t\t\t\t<\/div>\n\t\t\t\t\t<\/div>\n\t\t<\/div>\n\t\t\t\t\t<\/div>\n\t\t<\/section>\n\t\t\t\t<section class=\"elementor-section elementor-top-section elementor-element elementor-element-d79ae9f elementor-section-boxed elementor-section-height-default elementor-section-height-default\" data-id=\"d79ae9f\" data-element_type=\"section\" data-e-type=\"section\">\n\t\t\t\t\t\t<div class=\"elementor-container elementor-column-gap-default\">\n\t\t\t\t\t<div class=\"elementor-column elementor-col-100 elementor-top-column elementor-element elementor-element-f79ec59\" data-id=\"f79ec59\" data-element_type=\"column\" data-e-type=\"column\">\n\t\t\t<div class=\"elementor-widget-wrap elementor-element-populated\">\n\t\t\t\t\t\t<div class=\"elementor-element elementor-element-b4cecf2 elementor-widget elementor-widget-text-editor\" data-id=\"b4cecf2\" data-element_type=\"widget\" data-e-type=\"widget\" data-widget_type=\"text-editor.default\">\n\t\t\t\t<div class=\"elementor-widget-container\">\n\t\t\t\t\t\t\t\t\t<p data-start=\"245\" data-end=\"377\">At\u00a0<strong data-start=\"248\" data-end=\"267\">Dicasi Brands<\/strong>, we are committed to ensuring that our website is accessible to all users, including those with disabilities.<\/p><p data-start=\"379\" data-end=\"551\">We aim to make our website easy to use and navigate for everyone. We are continuously working to improve accessibility and provide an inclusive experience for all visitors.<\/p><p data-start=\"553\" data-end=\"799\">Following an accessibility evaluation, our website is currently partially compliant with the Web Content Accessibility Guidelines (WCAG) 2.1, level AA, due to a small number of non-conformities that we are actively working to resolve.<\/p><p data-start=\"801\" data-end=\"937\">If you experience any difficulty accessing content on this site, or if you have suggestions to improve accessibility, please contact us:<\/p><p data-start=\"939\" data-end=\"1102\"><strong data-start=\"939\" data-end=\"949\">Email:<\/strong> info@dicasibrands.com<br data-start=\"977\" data-end=\"980\" \/><strong data-start=\"980\" data-end=\"990\">Telefone:<\/strong> +351 255 880 902<\/p><p data-start=\"1104\" data-end=\"1187\">We aim to respond to all accessibility-related requests within 15 working days.<\/p><p data-start=\"1189\" data-end=\"1431\">If you are not satisfied with our response, you can file a complaint with the Ag\u00eancia para a Moderniza\u00e7\u00e3o Administrativa (AMA) via the official accessibility portal:<br data-start=\"1358\" data-end=\"1361\" \/><a class=\"\" href=\"https:\/\/www.acessibilidade.gov.pt\/\" rel=\"noopener\" data-start=\"1361\" data-end=\"1431\">https:\/\/www.acessibilidade.gov.pt<\/a><\/p><p data-start=\"1433\" data-end=\"1481\">Your feedback is important and helps us improve.<\/p>\t\t\t\t\t\t\t\t<\/div>\n\t\t\t\t<\/div>\n\t\t\t\t\t<\/div>\n\t\t<\/div>\n\t\t\t\t\t<\/div>\n\t\t<\/section>\n\t\t\t\t<\/div>","protected":false},"excerpt":{"rendered":"<p>ACCESSIBIlITY STATEMENT At\u00a0Dicasi Brands, we are committed to ensuring that our website is accessible to all users, including those with disabilities. We aim to make our website easy to use and navigate for everyone. We are continuously working to improve accessibility and provide an inclusive experience for all visitors. Following an accessibility evaluation, our website [&hellip;]<\/p>\n","protected":false},"author":2,"featured_media":0,"parent":0,"menu_order":0,"comment_status":"closed","ping_status":"closed","template":"","meta":{"footnotes":""},"class_list":["post-1239","page","type-page","status-publish","hentry"],"yoast_head":"<!-- This site is optimized with the Yoast SEO plugin v27.4 - https:\/\/yoast.com\/product\/yoast-seo-wordpress\/ -->\n<title>Accessibility Statement - Dicasi Brands<\/title>\n<meta name=\"robots\" content=\"index, follow, max-snippet:-1, max-image-preview:large, max-video-preview:-1\" \/>\n<link rel=\"canonical\" href=\"https:\/\/dicasibrands.com\/pt\/accessilibity-statement\/\" \/>\n<meta property=\"og:locale\" content=\"pt_PT\" \/>\n<meta property=\"og:type\" content=\"article\" \/>\n<meta property=\"og:title\" content=\"Accessibility Statement - Dicasi Brands\" \/>\n<meta property=\"og:description\" content=\"ACCESSIBIlITY STATEMENT At\u00a0Dicasi Brands, we are committed to ensuring that our website is accessible to all users, including those with disabilities. We aim to make our website easy to use and navigate for everyone. We are continuously working to improve accessibility and provide an inclusive experience for all visitors. Following an accessibility evaluation, our website [&hellip;]\" \/>\n<meta property=\"og:url\" content=\"https:\/\/dicasibrands.com\/pt\/accessilibity-statement\/\" \/>\n<meta property=\"og:site_name\" content=\"Dicasi Brands\" \/>\n<meta property=\"article:modified_time\" content=\"2025-07-01T13:43:17+00:00\" \/>\n<meta name=\"twitter:card\" content=\"summary_large_image\" \/>\n<meta name=\"twitter:label1\" content=\"Tempo estimado de leitura\" \/>\n\t<meta name=\"twitter:data1\" content=\"1 minuto\" \/>\n<script type=\"application\/ld+json\" class=\"yoast-schema-graph\">{\"@context\":\"https:\\\/\\\/schema.org\",\"@graph\":[{\"@type\":\"WebPage\",\"@id\":\"https:\\\/\\\/dicasibrands.com\\\/accessilibity-statement\\\/\",\"url\":\"https:\\\/\\\/dicasibrands.com\\\/accessilibity-statement\\\/\",\"name\":\"Accessibility Statement - Dicasi Brands\",\"isPartOf\":{\"@id\":\"https:\\\/\\\/dicasibrands.com\\\/#website\"},\"datePublished\":\"2025-07-01T13:38:53+00:00\",\"dateModified\":\"2025-07-01T13:43:17+00:00\",\"breadcrumb\":{\"@id\":\"https:\\\/\\\/dicasibrands.com\\\/accessilibity-statement\\\/#breadcrumb\"},\"inLanguage\":\"pt-PT\",\"potentialAction\":[{\"@type\":\"ReadAction\",\"target\":[\"https:\\\/\\\/dicasibrands.com\\\/accessilibity-statement\\\/\"]}]},{\"@type\":\"BreadcrumbList\",\"@id\":\"https:\\\/\\\/dicasibrands.com\\\/accessilibity-statement\\\/#breadcrumb\",\"itemListElement\":[{\"@type\":\"ListItem\",\"position\":1,\"name\":\"Home\",\"item\":\"https:\\\/\\\/dicasibrands.com\\\/\"},{\"@type\":\"ListItem\",\"position\":2,\"name\":\"Accessibility Statement\"}]},{\"@type\":\"WebSite\",\"@id\":\"https:\\\/\\\/dicasibrands.com\\\/#website\",\"url\":\"https:\\\/\\\/dicasibrands.com\\\/\",\"name\":\"Dicasi Brands\",\"description\":\"\",\"publisher\":{\"@id\":\"https:\\\/\\\/dicasibrands.com\\\/#organization\"},\"potentialAction\":[{\"@type\":\"SearchAction\",\"target\":{\"@type\":\"EntryPoint\",\"urlTemplate\":\"https:\\\/\\\/dicasibrands.com\\\/?s={search_term_string}\"},\"query-input\":{\"@type\":\"PropertyValueSpecification\",\"valueRequired\":true,\"valueName\":\"search_term_string\"}}],\"inLanguage\":\"pt-PT\"},{\"@type\":\"Organization\",\"@id\":\"https:\\\/\\\/dicasibrands.com\\\/#organization\",\"name\":\"Dicasi Brands\",\"url\":\"https:\\\/\\\/dicasibrands.com\\\/\",\"logo\":{\"@type\":\"ImageObject\",\"inLanguage\":\"pt-PT\",\"@id\":\"https:\\\/\\\/dicasibrands.com\\\/#\\\/schema\\\/logo\\\/image\\\/\",\"url\":\"https:\\\/\\\/dicasibrands.com\\\/wp-content\\\/uploads\\\/2022\\\/05\\\/LOGO-e1652267355402.png\",\"contentUrl\":\"https:\\\/\\\/dicasibrands.com\\\/wp-content\\\/uploads\\\/2022\\\/05\\\/LOGO-e1652267355402.png\",\"width\":601,\"height\":108,\"caption\":\"Dicasi Brands\"},\"image\":{\"@id\":\"https:\\\/\\\/dicasibrands.com\\\/#\\\/schema\\\/logo\\\/image\\\/\"}}]}<\/script>\n<!-- \/ Yoast SEO plugin. -->","yoast_head_json":{"title":"Accessibility Statement - Dicasi Brands","robots":{"index":"index","follow":"follow","max-snippet":"max-snippet:-1","max-image-preview":"max-image-preview:large","max-video-preview":"max-video-preview:-1"},"canonical":"https:\/\/dicasibrands.com\/pt\/accessilibity-statement\/","og_locale":"pt_PT","og_type":"article","og_title":"Accessibility Statement - Dicasi Brands","og_description":"ACCESSIBIlITY STATEMENT At\u00a0Dicasi Brands, we are committed to ensuring that our website is accessible to all users, including those with disabilities. We aim to make our website easy to use and navigate for everyone. We are continuously working to improve accessibility and provide an inclusive experience for all visitors. Following an accessibility evaluation, our website [&hellip;]","og_url":"https:\/\/dicasibrands.com\/pt\/accessilibity-statement\/","og_site_name":"Dicasi Brands","article_modified_time":"2025-07-01T13:43:17+00:00","twitter_card":"summary_large_image","twitter_misc":{"Tempo estimado de leitura":"1 minuto"},"schema":{"@context":"https:\/\/schema.org","@graph":[{"@type":"WebPage","@id":"https:\/\/dicasibrands.com\/accessilibity-statement\/","url":"https:\/\/dicasibrands.com\/accessilibity-statement\/","name":"Accessibility Statement - Dicasi Brands","isPartOf":{"@id":"https:\/\/dicasibrands.com\/#website"},"datePublished":"2025-07-01T13:38:53+00:00","dateModified":"2025-07-01T13:43:17+00:00","breadcrumb":{"@id":"https:\/\/dicasibrands.com\/accessilibity-statement\/#breadcrumb"},"inLanguage":"pt-PT","potentialAction":[{"@type":"ReadAction","target":["https:\/\/dicasibrands.com\/accessilibity-statement\/"]}]},{"@type":"BreadcrumbList","@id":"https:\/\/dicasibrands.com\/accessilibity-statement\/#breadcrumb","itemListElement":[{"@type":"ListItem","position":1,"name":"Home","item":"https:\/\/dicasibrands.com\/"},{"@type":"ListItem","position":2,"name":"Accessibility Statement"}]},{"@type":"WebSite","@id":"https:\/\/dicasibrands.com\/#website","url":"https:\/\/dicasibrands.com\/","name":"Dicasi Brands","description":"","publisher":{"@id":"https:\/\/dicasibrands.com\/#organization"},"potentialAction":[{"@type":"SearchAction","target":{"@type":"EntryPoint","urlTemplate":"https:\/\/dicasibrands.com\/?s={search_term_string}"},"query-input":{"@type":"PropertyValueSpecification","valueRequired":true,"valueName":"search_term_string"}}],"inLanguage":"pt-PT"},{"@type":"Organization","@id":"https:\/\/dicasibrands.com\/#organization","name":"Dicasi Brands","url":"https:\/\/dicasibrands.com\/","logo":{"@type":"ImageObject","inLanguage":"pt-PT","@id":"https:\/\/dicasibrands.com\/#\/schema\/logo\/image\/","url":"https:\/\/dicasibrands.com\/wp-content\/uploads\/2022\/05\/LOGO-e1652267355402.png","contentUrl":"https:\/\/dicasibrands.com\/wp-content\/uploads\/2022\/05\/LOGO-e1652267355402.png","width":601,"height":108,"caption":"Dicasi Brands"},"image":{"@id":"https:\/\/dicasibrands.com\/#\/schema\/logo\/image\/"}}]}},"_links":{"self":[{"href":"https:\/\/dicasibrands.com\/pt\/wp-json\/wp\/v2\/pages\/1239","targetHints":{"allow":["GET"]}}],"collection":[{"href":"https:\/\/dicasibrands.com\/pt\/wp-json\/wp\/v2\/pages"}],"about":[{"href":"https:\/\/dicasibrands.com\/pt\/wp-json\/wp\/v2\/types\/page"}],"author":[{"embeddable":true,"href":"https:\/\/dicasibrands.com\/pt\/wp-json\/wp\/v2\/users\/2"}],"replies":[{"embeddable":true,"href":"https:\/\/dicasibrands.com\/pt\/wp-json\/wp\/v2\/comments?post=1239"}],"version-history":[{"count":5,"href":"https:\/\/dicasibrands.com\/pt\/wp-json\/wp\/v2\/pages\/1239\/revisions"}],"predecessor-version":[{"id":1246,"href":"https:\/\/dicasibrands.com\/pt\/wp-json\/wp\/v2\/pages\/1239\/revisions\/1246"}],"wp:attachment":[{"href":"https:\/\/dicasibrands.com\/pt\/wp-json\/wp\/v2\/media?parent=1239"}],"curies":[{"name":"wp","href":"https:\/\/api.w.org\/{rel}","templated":true}]}}